{"id":112541,"date":"2025-06-18T11:51:43","date_gmt":"2025-06-18T09:51:43","guid":{"rendered":"https:\/\/shop.finestresullarte.info\/prodotto\/abbonamento-finestre-sullarte-online-estero\/"},"modified":"2025-06-24T17:50:49","modified_gmt":"2025-06-24T15:50:49","slug":"suscripcion-en-linea-a-finestre-sullarte","status":"publish","type":"product","link":"https:\/\/shop.finestresullarte.info\/es\/prodotto\/suscripcion-en-linea-a-finestre-sullarte\/","title":{"rendered":"Suscripci\u00f3n en l\u00ednea a Finestre sull\u2019Arte"},"content":{"rendered":"<div class=\"wpb-content-wrapper\"><p>[vc_row][vc_column][vc_column_text css=&#8221;&#8221;]<\/p>\n<h3>SUSCR\u00cdBETE AL SITIO <span style=\"color: #c01f03;\">FINESTRE SULL&#8217;ARTE<\/span><\/h3>\n<p>Los suscriptores nos ayudan a crecer y mantener nuestra informaci\u00f3n independiente. Puedes apoyar activamente nuestro diario online.<\/p>\n<hr \/>\n<div class=\"prezzi\">\n<p><span style=\"color: #c01f03;\"><strong>Suscripci\u00f3n:<\/strong><\/span><\/p>\n<p>&nbsp;<\/p>\n<p>1 mes de acceso ilimitado a los art\u00edculos de <strong>finestresullarte.info<\/strong> por solo <span style=\"color: #c01f03;\"><strong>\u20ac4,99\/mes<br \/>\n<\/strong><\/span>3 meses de acceso ilimitado a los art\u00edculos de <strong>finestresullarte.info<\/strong> por solo <span style=\"color: #c01f03;\"><strong>\u20ac13,99\/3 meses<br \/>\n<\/strong><\/span>12 meses de acceso ilimitado a los art\u00edculos de <strong>finestresullarte.info<\/strong> por solo <span style=\"color: #c01f03;\"><strong>\u20ac49,99\/a\u00f1o<\/strong><br \/>\n<\/span><br \/>\n<strong>IMPORTANTE: La suscripci\u00f3n se renovar\u00e1 autom\u00e1ticamente al final del per\u00edodo. Puedes cancelar la renovaci\u00f3n autom\u00e1tica en cualquier momento desde tu \u00e1rea personal en esta tienda online.<\/strong><\/p>\n<p>&nbsp;<\/p>\n<\/div>\n<p>[\/vc_column_text][\/vc_column][\/vc_row]<\/p>\n<\/div>","protected":false},"excerpt":{"rendered":"<p>Publicamos una media de diez noticias al d\u00eda, incluidas <strong>rese\u00f1as<\/strong>, <strong>art\u00edculos en profundidad<\/strong>, <strong>cr\u00edticas<\/strong> e <strong>informes sobre exposiciones y eventos<\/strong>. Nuestro objetivo es ofrecer contenido informativo y especializado. Los suscriptores nos ayudan a crecer y mantener nuestra informaci\u00f3n independiente. Por el coste de <strong>menos de un caf\u00e9 al mes<\/strong>, puedes apoyar activamente nuestro diario online.<\/p>\n","protected":false},"featured_media":112184,"comment_status":"closed","ping_status":"closed","template":"","meta":{"_acf_changed":false},"product_brand":[],"product_cat":[373,374],"product_tag":[],"giftcard-category":[],"class_list":{"0":"post-112541","1":"product","2":"type-product","3":"status-publish","4":"has-post-thumbnail","6":"product_cat-finestre-sullarte-es","7":"product_cat-suscripciones","9":"first","10":"instock","11":"sold-individually","12":"taxable","13":"shipping-taxable","14":"purchasable","15":"product-type-variable-subscription"},"acf":[],"_links":{"self":[{"href":"https:\/\/shop.finestresullarte.info\/es\/wp-json\/wp\/v2\/product\/112541","targetHints":{"allow":["GET"]}}],"collection":[{"href":"https:\/\/shop.finestresullarte.info\/es\/wp-json\/wp\/v2\/product"}],"about":[{"href":"https:\/\/shop.finestresullarte.info\/es\/wp-json\/wp\/v2\/types\/product"}],"replies":[{"embeddable":true,"href":"https:\/\/shop.finestresullarte.info\/es\/wp-json\/wp\/v2\/comments?post=112541"}],"wp:featuredmedia":[{"embeddable":true,"href":"https:\/\/shop.finestresullarte.info\/es\/wp-json\/wp\/v2\/media\/112184"}],"wp:attachment":[{"href":"https:\/\/shop.finestresullarte.info\/es\/wp-json\/wp\/v2\/media?parent=112541"}],"wp:term":[{"taxonomy":"product_brand","embeddable":true,"href":"https:\/\/shop.finestresullarte.info\/es\/wp-json\/wp\/v2\/product_brand?post=112541"},{"taxonomy":"product_cat","embeddable":true,"href":"https:\/\/shop.finestresullarte.info\/es\/wp-json\/wp\/v2\/product_cat?post=112541"},{"taxonomy":"product_tag","embeddable":true,"href":"https:\/\/shop.finestresullarte.info\/es\/wp-json\/wp\/v2\/product_tag?post=112541"},{"taxonomy":"giftcard-category","embeddable":true,"href":"https:\/\/shop.finestresullarte.info\/es\/wp-json\/wp\/v2\/giftcard-category?post=112541"}],"curies":[{"name":"wp","href":"https:\/\/api.w.org\/{rel}","templated":true}]}}