{"id":112534,"date":"2025-06-18T11:51:43","date_gmt":"2025-06-18T09:51:43","guid":{"rendered":"https:\/\/shop.finestresullarte.info\/prodotto\/abbonamento-finestre-sullarte-online-estero\/"},"modified":"2025-06-24T17:49:59","modified_gmt":"2025-06-24T15:49:59","slug":"online-abonnement-von-finestre-sullarte","status":"publish","type":"product","link":"https:\/\/shop.finestresullarte.info\/de\/prodotto\/online-abonnement-von-finestre-sullarte\/","title":{"rendered":"Online-Abonnement von Finestre sull\u2019Arte"},"content":{"rendered":"<div class=\"wpb-content-wrapper\"><p>[vc_row][vc_column][vc_column_text css=&#8221;&#8221;]<\/p>\n<h3>ABONNIERE DIE WEBSITE <span style=\"color: #c01f03;\">FINESTRE SULL&#8217;ARTE<\/span><\/h3>\n<p>Abonnenten helfen uns zu wachsen und unsere Unabh\u00e4ngigkeit zu bewahren. Du kannst unsere Online-Tageszeitung aktiv unterst\u00fctzen.<\/p>\n<hr \/>\n<div class=\"prezzi\">\n<p><span style=\"color: #c01f03;\"><strong>Abonnement:<\/strong><\/span><\/p>\n<p>1 Monat unbegrenzter Zugang zu Artikeln auf <strong>finestresullarte.info<\/strong> f\u00fcr nur <span style=\"color: #c01f03;\"><strong>\u20ac4,99\/Monat<br \/>\n<\/strong><\/span>3 Monate unbegrenzter Zugang zu Artikeln auf <strong>finestresullarte.info<\/strong> f\u00fcr nur <span style=\"color: #c01f03;\"><strong>\u20ac13,99\/3 Monate<br \/>\n<\/strong><\/span>12 Monate unbegrenzter Zugang zu Artikeln auf <strong>finestresullarte.info<\/strong> f\u00fcr nur <span style=\"color: #c01f03;\"><strong>\u20ac49,99\/Jahr<\/strong><br \/>\n<\/span><br \/>\n<strong>WICHTIG: Das Abonnement wird am Ende der Laufzeit automatisch verl\u00e4ngert. Du kannst die automatische Verl\u00e4ngerung jederzeit in deinem pers\u00f6nlichen Bereich dieses Onlineshops k\u00fcndigen.<\/strong><\/p>\n<p>&nbsp;<\/p>\n<\/div>\n<p>[\/vc_column_text][\/vc_column][\/vc_row]<\/p>\n<\/div>","protected":false},"excerpt":{"rendered":"<p>Wir ver\u00f6ffentlichen durchschnittlich zehn Nachrichten pro Tag, darunter <strong>Rezensionen<\/strong>, <strong>vertiefende Artikel<\/strong>, <strong>Kritiken<\/strong> und <strong>Berichte \u00fcber Ausstellungen und Veranstaltungen<\/strong>. Unser Ziel ist es, eine Quelle f\u00fcr informative und spezialisierte Inhalte zu sein. Abonnenten helfen uns zu wachsen und unsere Unabh\u00e4ngigkeit zu bewahren. F\u00fcr weniger als <strong>einen Kaffee pro Monat<\/strong> kannst du unsere Online-Tageszeitung aktiv unterst\u00fctzen.<\/p>\n","protected":false},"featured_media":112182,"comment_status":"closed","ping_status":"closed","template":"","meta":{"_acf_changed":false},"product_brand":[],"product_cat":[376,372],"product_tag":[],"giftcard-category":[],"class_list":{"0":"post-112534","1":"product","2":"type-product","3":"status-publish","4":"has-post-thumbnail","6":"product_cat-abonnements","7":"product_cat-finestre-sullarte-de","9":"first","10":"instock","11":"sold-individually","12":"taxable","13":"shipping-taxable","14":"purchasable","15":"product-type-variable-subscription"},"acf":[],"_links":{"self":[{"href":"https:\/\/shop.finestresullarte.info\/de\/wp-json\/wp\/v2\/product\/112534","targetHints":{"allow":["GET"]}}],"collection":[{"href":"https:\/\/shop.finestresullarte.info\/de\/wp-json\/wp\/v2\/product"}],"about":[{"href":"https:\/\/shop.finestresullarte.info\/de\/wp-json\/wp\/v2\/types\/product"}],"replies":[{"embeddable":true,"href":"https:\/\/shop.finestresullarte.info\/de\/wp-json\/wp\/v2\/comments?post=112534"}],"wp:featuredmedia":[{"embeddable":true,"href":"https:\/\/shop.finestresullarte.info\/de\/wp-json\/wp\/v2\/media\/112182"}],"wp:attachment":[{"href":"https:\/\/shop.finestresullarte.info\/de\/wp-json\/wp\/v2\/media?parent=112534"}],"wp:term":[{"taxonomy":"product_brand","embeddable":true,"href":"https:\/\/shop.finestresullarte.info\/de\/wp-json\/wp\/v2\/product_brand?post=112534"},{"taxonomy":"product_cat","embeddable":true,"href":"https:\/\/shop.finestresullarte.info\/de\/wp-json\/wp\/v2\/product_cat?post=112534"},{"taxonomy":"product_tag","embeddable":true,"href":"https:\/\/shop.finestresullarte.info\/de\/wp-json\/wp\/v2\/product_tag?post=112534"},{"taxonomy":"giftcard-category","embeddable":true,"href":"https:\/\/shop.finestresullarte.info\/de\/wp-json\/wp\/v2\/giftcard-category?post=112534"}],"curies":[{"name":"wp","href":"https:\/\/api.w.org\/{rel}","templated":true}]}}